{"id":235366,"date":"2023-01-13T11:21:35","date_gmt":"2023-01-13T10:21:35","guid":{"rendered":"https:\/\/www.dentalnicenter.com\/dienstleistungen\/clearcorrect\/"},"modified":"2023-01-13T11:53:03","modified_gmt":"2023-01-13T10:53:03","slug":"clearcorrect","status":"publish","type":"page","link":"https:\/\/www.dentalnicenter.com\/de\/dienstleistungen\/clearcorrect\/","title":{"rendered":"ClearCorrect"},"content":{"rendered":"<p>[et_pb_section fb_built=&#8220;1&#8243; custom_padding_last_edited=&#8220;on|phone&#8220; _builder_version=&#8220;4.10.7&#8243; _module_preset=&#8220;default&#8220; background_image=&#8220;https:\/\/www.dentalnicenter.com\/wp-content\/uploads\/2023\/01\/Dentalni-center-Celesnik-Clearcorrect.jpg&#8220; custom_padding=&#8220;20vw||20vw||true|false&#8220; custom_padding_tablet=&#8220;20vw||20vw||true|false&#8220; custom_padding_phone=&#8220;14vw||14vw||true|false&#8220; global_colors_info=&#8220;{}&#8220;][et_pb_row _builder_version=&#8220;4.10.7&#8243; _module_preset=&#8220;default&#8220; global_colors_info=&#8220;{}&#8220;][et_pb_column type=&#8220;4_4&#8243; _builder_version=&#8220;4.10.7&#8243; _module_preset=&#8220;default&#8220; global_colors_info=&#8220;{}&#8220;][\/et_pb_column][\/et_pb_row][\/et_pb_section][et_pb_section fb_built=&#8220;1&#8243; admin_label=&#8220;section&#8220; _builder_version=&#8220;4.10.7&#8243; background_color=&#8220;#fbfcfc&#8220; global_colors_info=&#8220;{}&#8220;][et_pb_row admin_label=&#8220;row&#8220; _builder_version=&#8220;3.25&#8243; background_size=&#8220;initial&#8220; background_position=&#8220;top_left&#8220; background_repeat=&#8220;repeat&#8220; global_colors_info=&#8220;{}&#8220;][et_pb_column type=&#8220;4_4&#8243; _builder_version=&#8220;3.25&#8243; custom_padding=&#8220;|||&#8220; global_colors_info=&#8220;{}&#8220; custom_padding__hover=&#8220;|||&#8220;][et_pb_image src=&#8220;https:\/\/www.dentalnicenter.com\/wp-content\/uploads\/2023\/01\/Clear-correct-logo.jpg&#8220; title_text=&#8220;Clear correct logo&#8220; align=&#8220;center&#8220; _builder_version=&#8220;4.10.7&#8243; _module_preset=&#8220;default&#8220; global_colors_info=&#8220;{}&#8220;][\/et_pb_image][et_pb_text _builder_version=&#8220;4.10.7&#8243; text_font=&#8220;|300|||||||&#8220; background_size=&#8220;initial&#8220; background_position=&#8220;top_left&#8220; background_repeat=&#8220;repeat&#8220; global_colors_info=&#8220;{}&#8220;]<\/p>\n<h3 style=\"text-align: center;\"> W\u00fcnschst du dir ein sch\u00f6neres L\u00e4cheln?<br \/>\n<\/h3>\n<p>Bist du einer der Menschen, die wegen ihrer schiefen Z\u00e4hne ihr L\u00e4cheln verbergen?<br \/>\nInverstiere in dich selbst und schenke dir einen transparenten Zahnaligner.<\/p>\n<p>Warum eine transparente Zahnspange?<br \/>\nSchiefe Z\u00e4hne sind nicht nur ein \u00e4sthetisches Problem, sondern ziehen auch andere Aspekte der Mundhygiene nach sich \u2013 Plaqueaufbau, gefolgt von Karies, Parodontitis oder zur\u00fcckgehendes Zahnfleisch. Genauso verursachen schiefe Z\u00e4hne eine schnellere Zahnabnutzung, Kaust\u00f6rungen und beeinflussen dein Selbstbild.<\/p>\n<p>Was sind die Vorteile der transparenten Zahnaligner im Vergleich zu festen Zahnspangen?<br \/>\n&#8211; Die Schienen sind transparent und damit fast unsichtbar<br \/>\n&#8211; Sie sind herausnehmbar, was das Essen und die Mundhygiene stark erleichtert<br \/>\n&#8211; Die Aligner sind weich und komfortabel<br \/>\n&#8211; Es sind weniger Kontrolltermine in der Ordination notwendig<br \/>\n&#8211; Man bekommt am Therapieanfang eine Simulation des Endzustandes pr\u00e4sentiert<\/p>\n<p>Die Therapiepreise sind vom Grad der Zahnfehlstellung abh\u00e4ngig und liegen zwischen 1500\u20ac und 4500\u20ac. F\u00fcr die erste Untersuchung mit R\u00f6ntgenaufnahme, Scan und Diagnostik zahlt man nur 120\u20ac und falls man sich f\u00fcr die Therapie entscheidet, wird dieser Betrag von der Endsumme abgezogen. Ist der Termin der ersten Untersuchung im Januar, dann ist diese gratis!<\/p>\n<p>Vereinbare eine gratis Untersuchung und ein Beratungsgespr\u00e4ch unter 031384465 und schenke dir ein sch\u00f6neres L\u00e4cheln.[\/et_pb_text][et_pb_image src=&#8220;https:\/\/www.dentalnicenter.com\/wp-content\/uploads\/2023\/01\/Dentalni-center-Celesnik-ClearCorrect-2.jpg&#8220; title_text=&#8220;Close-up,Of,A,Woman&#8217;s,Hand,Putting,Transparent,Aligner,In,Teeth&#8220; _builder_version=&#8220;4.10.7&#8243; _module_preset=&#8220;default&#8220; global_colors_info=&#8220;{}&#8220;][\/et_pb_image][\/et_pb_column][\/et_pb_row][\/et_pb_section][et_pb_section fb_built=&#8220;1&#8243; admin_label=&#8220;section&#8220; _builder_version=&#8220;3.22&#8243; background_color=&#8220;#ffffff&#8220; custom_padding=&#8220;46px|||||&#8220; global_colors_info=&#8220;{}&#8220;][et_pb_row _builder_version=&#8220;3.25&#8243; background_size=&#8220;initial&#8220; background_position=&#8220;top_left&#8220; background_repeat=&#8220;repeat&#8220; saved_tabs=&#8220;all&#8220; global_colors_info=&#8220;{}&#8220;][et_pb_column type=&#8220;4_4&#8243; _builder_version=&#8220;3.25&#8243; custom_padding=&#8220;|||&#8220; global_colors_info=&#8220;{}&#8220; custom_padding__hover=&#8220;|||&#8220;][et_pb_image src=&#8220;https:\/\/www.dentalnicenter.com\/wp-content\/uploads\/2015\/02\/DC-318-100.png&#8220; align=&#8220;center&#8220; align_tablet=&#8220;center&#8220; align_phone=&#8220;&#8220; align_last_edited=&#8220;on|desktop&#8220; _builder_version=&#8220;3.23&#8243; animation_style=&#8220;fade&#8220; animation_duration=&#8220;500ms&#8220; animation=&#8220;fade_in&#8220; global_colors_info=&#8220;{}&#8220;][\/et_pb_image][et_pb_text _builder_version=&#8220;4.4.5&#8243; text_font=&#8220;|300|||||||&#8220; background_size=&#8220;initial&#8220; background_position=&#8220;top_left&#8220; background_repeat=&#8220;repeat&#8220; text_orientation=&#8220;center&#8220; module_alignment=&#8220;center&#8220; global_colors_info=&#8220;{}&#8220;]<\/p>\n<div class=\"contact\">SI-4260 Bled | Pre\u0161ernova cesta 15 | Slovenija<\/div>\n<p>Telefon: +386 (0)4 574 11 60<br \/>\n<a class=\"email\" href=\"mailto:info@dentalnicenter.com\">info@dentalnicenter.com<\/a>[\/et_pb_text][\/et_pb_column][\/et_pb_row][\/et_pb_section]<\/p>\n","protected":false},"excerpt":{"rendered":"<p>W\u00fcnschst du dir ein sch\u00f6neres L\u00e4cheln? Bist du einer der Menschen, die wegen ihrer schiefen Z\u00e4hne ihr L\u00e4cheln verbergen? Inverstiere in dich selbst und schenke dir einen transparenten Zahnaligner. Warum eine transparente Zahnspange? Schiefe Z\u00e4hne sind nicht nur ein \u00e4sthetisches Problem, sondern ziehen auch andere Aspekte der Mundhygiene nach sich \u2013 Plaqueaufbau, gefolgt von Karies, Parodontitis oder zur\u00fcckgehendes Zahnfleisch. Genauso verursachen schiefe Z\u00e4hne eine schnellere Zahnabnutzung, Kaust\u00f6rungen und beeinflussen dein Selbstbild. Was sind die Vorteile der transparenten Zahnaligner im Vergleich zu festen Zahnspangen? &#8211; Die Schienen sind transparent und damit fast unsichtbar &#8211; Sie sind herausnehmbar, was das Essen und die Mundhygiene stark erleichtert &#8211; Die Aligner sind weich und komfortabel &#8211; Es sind weniger Kontrolltermine in der Ordination notwendig &#8211; Man bekommt am Therapieanfang eine Simulation des Endzustandes pr\u00e4sentiert Die Therapiepreise sind vom Grad der Zahnfehlstellung abh\u00e4ngig und liegen zwischen 1500\u20ac und 4500\u20ac. F\u00fcr die erste Untersuchung mit R\u00f6ntgenaufnahme, Scan und Diagnostik zahlt man nur 120\u20ac und falls man sich f\u00fcr die Therapie entscheidet, wird dieser Betrag von der Endsumme abgezogen. Ist der Termin der ersten Untersuchung im Januar, dann ist diese gratis! Vereinbare eine gratis Untersuchung und ein Beratungsgespr\u00e4ch unter 031384465 und schenke dir ein sch\u00f6neres L\u00e4cheln.SI-4260 Bled [&hellip;]<\/p>\n","protected":false},"author":1,"featured_media":235349,"parent":3403,"menu_order":11,"comment_status":"closed","ping_status":"closed","template":"","meta":{"_et_pb_use_builder":"on","_et_pb_old_content":"","_et_gb_content_width":"","footnotes":""},"class_list":["post-235366","page","type-page","status-publish","has-post-thumbnail","hentry"],"aioseo_notices":[],"_links":{"self":[{"href":"https:\/\/www.dentalnicenter.com\/de\/wp-json\/wp\/v2\/pages\/235366","targetHints":{"allow":["GET"]}}],"collection":[{"href":"https:\/\/www.dentalnicenter.com\/de\/wp-json\/wp\/v2\/pages"}],"about":[{"href":"https:\/\/www.dentalnicenter.com\/de\/wp-json\/wp\/v2\/types\/page"}],"author":[{"embeddable":true,"href":"https:\/\/www.dentalnicenter.com\/de\/wp-json\/wp\/v2\/users\/1"}],"replies":[{"embeddable":true,"href":"https:\/\/www.dentalnicenter.com\/de\/wp-json\/wp\/v2\/comments?post=235366"}],"version-history":[{"count":4,"href":"https:\/\/www.dentalnicenter.com\/de\/wp-json\/wp\/v2\/pages\/235366\/revisions"}],"predecessor-version":[{"id":235389,"href":"https:\/\/www.dentalnicenter.com\/de\/wp-json\/wp\/v2\/pages\/235366\/revisions\/235389"}],"up":[{"embeddable":true,"href":"https:\/\/www.dentalnicenter.com\/de\/wp-json\/wp\/v2\/pages\/3403"}],"wp:featuredmedia":[{"embeddable":true,"href":"https:\/\/www.dentalnicenter.com\/de\/wp-json\/wp\/v2\/media\/235349"}],"wp:attachment":[{"href":"https:\/\/www.dentalnicenter.com\/de\/wp-json\/wp\/v2\/media?parent=235366"}],"curies":[{"name":"wp","href":"https:\/\/api.w.org\/{rel}","templated":true}]}}