{"id":3384,"date":"2015-04-14T12:20:03","date_gmt":"2015-04-14T11:20:03","guid":{"rendered":"http:\/\/www.dentalnicenter.com\/?page_id=3384"},"modified":"2026-04-14T07:56:59","modified_gmt":"2026-04-14T06:56:59","slug":"mundhygiene","status":"publish","type":"page","link":"https:\/\/www.dentalnicenter.com\/de\/dienstleistungen\/mundhygiene\/","title":{"rendered":"Mundhygiene"},"content":{"rendered":"<p>[et_pb_section fb_built=&#8220;1&#8243; inner_shadow=&#8220;on&#8220; fullwidth=&#8220;on&#8220; admin_label=&#8220;section&#8220; _builder_version=&#8220;4.16&#8243; background_color=&#8220;#ffffff&#8220; background_image=&#8220;https:\/\/www.dentalnicenter.com\/wp-content\/uploads\/2014\/10\/header-celesnik-1.png&#8220; transparent_background=&#8220;off&#8220; global_colors_info=&#8220;{}&#8220;][et_pb_fullwidth_header title=&#8220;Mundhygiene&#8220; content_max_width=&#8220;none&#8220; admin_label=&#8220;Fullwidth Header&#8220; _builder_version=&#8220;4.16&#8243; background_color=&#8220;rgba(255, 255, 255, 0)&#8220; background_layout=&#8220;light&#8220; global_colors_info=&#8220;{}&#8220; button_one_text_size__hover_enabled=&#8220;off&#8220; button_two_text_size__hover_enabled=&#8220;off&#8220; button_one_text_color__hover_enabled=&#8220;off&#8220; button_two_text_color__hover_enabled=&#8220;off&#8220; button_one_border_width__hover_enabled=&#8220;off&#8220; button_two_border_width__hover_enabled=&#8220;off&#8220; button_one_border_color__hover_enabled=&#8220;off&#8220; button_two_border_color__hover_enabled=&#8220;off&#8220; button_one_border_radius__hover_enabled=&#8220;off&#8220; button_two_border_radius__hover_enabled=&#8220;off&#8220; button_one_letter_spacing__hover_enabled=&#8220;off&#8220; button_two_letter_spacing__hover_enabled=&#8220;off&#8220; button_one_bg_color__hover_enabled=&#8220;off&#8220; button_two_bg_color__hover_enabled=&#8220;off&#8220;][\/et_pb_fullwidth_header][\/et_pb_section][et_pb_section fb_built=&#8220;1&#8243; admin_label=&#8220;section&#8220; _builder_version=&#8220;4.16&#8243; background_color=&#8220;#ffffff&#8220; transparent_background=&#8220;off&#8220; global_colors_info=&#8220;{}&#8220;][et_pb_row admin_label=&#8220;row&#8220; _builder_version=&#8220;4.16&#8243; background_size=&#8220;initial&#8220; background_position=&#8220;top_left&#8220; background_repeat=&#8220;repeat&#8220; global_colors_info=&#8220;{}&#8220;][et_pb_column type=&#8220;4_4&#8243; _builder_version=&#8220;4.16&#8243; custom_padding=&#8220;|||&#8220; global_colors_info=&#8220;{}&#8220; custom_padding__hover=&#8220;|||&#8220;][et_pb_team_member image_url=&#8220;https:\/\/www.dentalnicenter.com\/wp-content\/uploads\/2014\/10\/dentalni-center-celesnik-ikona-2.png&#8220; facebook_url=&#8220;https:\/\/www.facebook.com\/pages\/Dentalni-Center-dr%C4%8Celesnik\/210061352459698?fref=ts&#8220; admin_label=&#8220;Team Member&#8220; _builder_version=&#8220;4.16&#8243; body_font=&#8220;|300|||||||&#8220; background_size=&#8220;initial&#8220; background_position=&#8220;top_left&#8220; background_repeat=&#8220;repeat&#8220; global_colors_info=&#8220;{}&#8220;]<\/p>\n<h3>Mundhygiene<\/h3>\n<p style=\"text-align: justify;\">Die Erhaltung der Mundhygiene ist ein bedeutender Faktor, der zu einem gesunden harten und weichen Gewebe in der Mundh\u00f6hle verhilft. Auf diesem Gebiet k\u00f6nnen Sie selbst am meisten tun, gelegentlich sollen Sie jedoch den Zustand Ihrer Mundhygiene durch eine fachlich ausgebildete Person (Mundhygieniker) untersuchen lassen. Der Mundhygieniker beseitigt alle harten und weichen Zahnbel\u00e4ge und belehrt Sie \u00fcber die richtige Zahnpflege. Er hilft Ihnen bei der richtigen Auswahl der Zahnb\u00fcrste und anderer Mundhygienemittel. Sollten Sie weitere zahn\u00e4rztliche Dienstleistungen ben\u00f6tigen, ist die richtige Mundhygiene eine wichtige Voraussetzung daf\u00fcr.<br \/>\nAuf Wunsch laden wir Sie gerne in unser Recall-System und \u00fcbernehmen die Sorge f\u00fcr die Benachrichtigung \u00fcber Ihren n\u00e4chsten Termin (SMS, E-Mail), den der Mundhygieniker und der Zahnarzt gemeinsam festlegen. <\/p>\n<\/p>\n<p>[\/et_pb_team_member][\/et_pb_column][\/et_pb_row][et_pb_row admin_label=&#8220;row&#8220; _builder_version=&#8220;4.16&#8243; background_size=&#8220;initial&#8220; background_position=&#8220;top_left&#8220; background_repeat=&#8220;repeat&#8220; saved_tabs=&#8220;all&#8220; global_colors_info=&#8220;{}&#8220; global_module=&#8220;262503&#8243; theme_builder_area=&#8220;post_content&#8220;][et_pb_column type=&#8220;4_4&#8243; _builder_version=&#8220;4.16&#8243; custom_padding=&#8220;|||&#8220; global_colors_info=&#8220;{}&#8220; custom_padding__hover=&#8220;|||&#8220; theme_builder_area=&#8220;post_content&#8220;][et_pb_cta title=&#8220;NACHFRAGE&#8220; button_url=&#8220;mailto:info@dentalnicenter.com&#8220; url_new_window=&#8220;on&#8220; button_text=&#8220;Jetzt nachfragen!&#8220; admin_label=&#8220;Call To Action&#8220; _builder_version=&#8220;4.27.6&#8243; header_font_size=&#8220;26px&#8220; body_font=&#8220;|300|||||||&#8220; background_size=&#8220;initial&#8220; background_position=&#8220;top_left&#8220; background_repeat=&#8220;repeat&#8220; custom_button=&#8220;on&#8220; button_text_size=&#8220;14px&#8220; button_border_width=&#8220;2px&#8220; button_border_radius=&#8220;100px&#8220; button_font=&#8220;|||on|||||&#8220; button_alignment=&#8220;center&#8220; button_custom_padding=&#8220;18px|32px|18px|32px|true|true&#8220; header_font_size_tablet=&#8220;&#8220; header_font_size_phone=&#8220;22px&#8220; header_font_size_last_edited=&#8220;on|phone&#8220; button_text_color_tablet=&#8220;&#8220; button_text_color_phone=&#8220;&#8220; button_text_color_last_edited=&#8220;on|phone&#8220; border_radii=&#8220;on|7px|7px|7px|7px&#8220; box_shadow_style=&#8220;preset1&#8243; global_colors_info=&#8220;{}&#8220; button_text_size__hover_enabled=&#8220;off&#8220; button_one_text_size__hover_enabled=&#8220;off&#8220; button_two_text_size__hover_enabled=&#8220;off&#8220; button_text_color__hover_enabled=&#8220;off&#8220; button_one_text_color__hover_enabled=&#8220;off&#8220; button_two_text_color__hover_enabled=&#8220;off&#8220; button_border_width__hover_enabled=&#8220;off&#8220; button_one_border_width__hover_enabled=&#8220;off&#8220; button_two_border_width__hover_enabled=&#8220;off&#8220; button_border_color__hover_enabled=&#8220;off&#8220; button_one_border_color__hover_enabled=&#8220;off&#8220; button_two_border_color__hover_enabled=&#8220;off&#8220; button_border_radius__hover_enabled=&#8220;off&#8220; button_one_border_radius__hover_enabled=&#8220;off&#8220; button_two_border_radius__hover_enabled=&#8220;off&#8220; button_letter_spacing__hover_enabled=&#8220;on&#8220; button_letter_spacing__hover=&#8220;0&#8243; button_one_letter_spacing__hover_enabled=&#8220;off&#8220; button_two_letter_spacing__hover_enabled=&#8220;off&#8220; button_bg_color__hover_enabled=&#8220;off&#8220; button_one_bg_color__hover_enabled=&#8220;off&#8220; button_two_bg_color__hover_enabled=&#8220;off&#8220; theme_builder_area=&#8220;post_content&#8220;]<\/p>\n<p style=\"text-align: center;\">Insofern Sie einen Termin vereinbaren m\u00f6chten, bitten wir Sie, uns Ihre Nachfrage zuzusenden oder uns an die Telefonnummer +386 4 574 11 60 anzurufen. Wir beantworten gerne m\u00f6glichst schnell, ob der gew\u00fcnschte Termin frei ist und best\u00e4tigen das Datum und die Uhrzeit Ihres Termins. <\/p>\n<p>[\/et_pb_cta][\/et_pb_column][\/et_pb_row][et_pb_row admin_label=&#8220;Row&#8220; _builder_version=&#8220;4.16&#8243; background_size=&#8220;initial&#8220; background_position=&#8220;top_left&#8220; background_repeat=&#8220;repeat&#8220; global_colors_info=&#8220;{}&#8220;][et_pb_column type=&#8220;4_4&#8243; _builder_version=&#8220;4.16&#8243; custom_padding=&#8220;|||&#8220; global_colors_info=&#8220;{}&#8220; custom_padding__hover=&#8220;|||&#8220;][et_pb_divider color=&#8220;#eaeaea&#8220; admin_label=&#8220;Divider&#8220; _builder_version=&#8220;4.16&#8243; hide_on_mobile=&#8220;off&#8220; global_colors_info=&#8220;{}&#8220;][\/et_pb_divider][et_pb_image src=&#8220;https:\/\/www.dentalnicenter.com\/wp-content\/uploads\/2015\/02\/DC-318-100.png&#8220; align=&#8220;center&#8220; align_tablet=&#8220;center&#8220; align_phone=&#8220;&#8220; align_last_edited=&#8220;on|desktop&#8220; admin_label=&#8220;Image&#8220; _builder_version=&#8220;4.16&#8243; animation_style=&#8220;fade&#8220; animation_duration=&#8220;500ms&#8220; animation=&#8220;fade_in&#8220; global_colors_info=&#8220;{}&#8220;][\/et_pb_image][et_pb_text admin_label=&#8220;Text&#8220; _builder_version=&#8220;4.16&#8243; text_font=&#8220;|300|||||||&#8220; background_size=&#8220;initial&#8220; background_position=&#8220;top_left&#8220; background_repeat=&#8220;repeat&#8220; text_orientation=&#8220;center&#8220; module_alignment=&#8220;center&#8220; global_colors_info=&#8220;{}&#8220;]<\/p>\n<div class=\"contact\">\nSI-4260 Bled | Pre\u0161ernova cesta 15 | Slowenien <\/p>\n<\/div>\n<p>Telefon: +386 (0)4 574 11 60<br \/>\n<a class=\"email\" href=\"mailto:info@dentalnicenter.com\">info@dentalnicenter.com<\/a><\/p>\n<p>[\/et_pb_text][\/et_pb_column][\/et_pb_row][\/et_pb_section]<\/p>\n","protected":false},"excerpt":{"rendered":"<p>MundhygieneDie Erhaltung der Mundhygiene ist ein bedeutender Faktor, der zu einem gesunden harten und weichen Gewebe in der Mundh\u00f6hle verhilft. Auf diesem Gebiet k\u00f6nnen Sie selbst am meisten tun, gelegentlich sollen Sie jedoch den Zustand Ihrer Mundhygiene durch eine fachlich ausgebildete Person (Mundhygieniker) untersuchen lassen. Der Mundhygieniker beseitigt alle harten und weichen Zahnbel\u00e4ge und belehrt Sie \u00fcber die richtige Zahnpflege. Er hilft Ihnen bei der richtigen Auswahl der Zahnb\u00fcrste und anderer Mundhygienemittel. Sollten Sie weitere zahn\u00e4rztliche Dienstleistungen ben\u00f6tigen, ist die richtige Mundhygiene eine wichtige Voraussetzung daf\u00fcr. Auf Wunsch laden wir Sie gerne in unser Recall-System und \u00fcbernehmen die Sorge f\u00fcr die Benachrichtigung \u00fcber Ihren n\u00e4chsten Termin (SMS, E-Mail), den der Mundhygieniker und der Zahnarzt gemeinsam festlegen. Insofern Sie einen Termin vereinbaren m\u00f6chten, bitten wir Sie, uns Ihre Nachfrage zuzusenden oder uns an die Telefonnummer +386 4 574 11 60 anzurufen. Wir beantworten gerne m\u00f6glichst schnell, ob der gew\u00fcnschte Termin frei ist und best\u00e4tigen das Datum und die Uhrzeit Ihres Termins. SI-4260 Bled | Pre\u0161ernova cesta 15 | Slowenien Telefon: +386 (0)4 574 11 60 info@dentalnicenter.com<\/p>\n","protected":false},"author":1,"featured_media":0,"parent":3403,"menu_order":2,"comment_status":"closed","ping_status":"closed","template":"","meta":{"_et_pb_use_builder":"on","_et_pb_old_content":"","_et_gb_content_width":"","footnotes":""},"class_list":["post-3384","page","type-page","status-publish","hentry"],"aioseo_notices":[],"_links":{"self":[{"href":"https:\/\/www.dentalnicenter.com\/de\/wp-json\/wp\/v2\/pages\/3384","targetHints":{"allow":["GET"]}}],"collection":[{"href":"https:\/\/www.dentalnicenter.com\/de\/wp-json\/wp\/v2\/pages"}],"about":[{"href":"https:\/\/www.dentalnicenter.com\/de\/wp-json\/wp\/v2\/types\/page"}],"author":[{"embeddable":true,"href":"https:\/\/www.dentalnicenter.com\/de\/wp-json\/wp\/v2\/users\/1"}],"replies":[{"embeddable":true,"href":"https:\/\/www.dentalnicenter.com\/de\/wp-json\/wp\/v2\/comments?post=3384"}],"version-history":[{"count":7,"href":"https:\/\/www.dentalnicenter.com\/de\/wp-json\/wp\/v2\/pages\/3384\/revisions"}],"predecessor-version":[{"id":262508,"href":"https:\/\/www.dentalnicenter.com\/de\/wp-json\/wp\/v2\/pages\/3384\/revisions\/262508"}],"up":[{"embeddable":true,"href":"https:\/\/www.dentalnicenter.com\/de\/wp-json\/wp\/v2\/pages\/3403"}],"wp:attachment":[{"href":"https:\/\/www.dentalnicenter.com\/de\/wp-json\/wp\/v2\/media?parent=3384"}],"curies":[{"name":"wp","href":"https:\/\/api.w.org\/{rel}","templated":true}]}}