{"id":3428,"date":"2015-04-14T14:05:02","date_gmt":"2015-04-14T13:05:02","guid":{"rendered":"http:\/\/www.dentalnicenter.com\/?page_id=3428"},"modified":"2025-10-01T08:36:35","modified_gmt":"2025-10-01T07:36:35","slug":"personal","status":"publish","type":"page","link":"https:\/\/www.dentalnicenter.com\/de\/personal\/","title":{"rendered":"Personal"},"content":{"rendered":"<p>[et_pb_section fb_built=&#8220;1&#8243; inner_shadow=&#8220;on&#8220; fullwidth=&#8220;on&#8220; admin_label=&#8220;section&#8220; _builder_version=&#8220;4.16&#8243; background_color=&#8220;#ffffff&#8220; background_image=&#8220;https:\/\/www.dentalnicenter.com\/wp-content\/uploads\/2014\/10\/header-celesnik-1.png&#8220; transparent_background=&#8220;off&#8220; global_colors_info=&#8220;{}&#8220;][et_pb_fullwidth_header title=&#8220;Personal&#8220; content_max_width=&#8220;none&#8220; _builder_version=&#8220;4.16&#8243; background_color=&#8220;rgba(255, 255, 255, 0)&#8220; background_layout=&#8220;light&#8220; global_colors_info=&#8220;{}&#8220; button_one_text_size__hover_enabled=&#8220;off&#8220; button_two_text_size__hover_enabled=&#8220;off&#8220; button_one_text_color__hover_enabled=&#8220;off&#8220; button_two_text_color__hover_enabled=&#8220;off&#8220; button_one_border_width__hover_enabled=&#8220;off&#8220; button_two_border_width__hover_enabled=&#8220;off&#8220; button_one_border_color__hover_enabled=&#8220;off&#8220; button_two_border_color__hover_enabled=&#8220;off&#8220; button_one_border_radius__hover_enabled=&#8220;off&#8220; button_two_border_radius__hover_enabled=&#8220;off&#8220; button_one_letter_spacing__hover_enabled=&#8220;off&#8220; button_two_letter_spacing__hover_enabled=&#8220;off&#8220; button_one_bg_color__hover_enabled=&#8220;off&#8220; button_two_bg_color__hover_enabled=&#8220;off&#8220;][\/et_pb_fullwidth_header][\/et_pb_section][et_pb_section fb_built=&#8220;1&#8243; admin_label=&#8220;section&#8220; _builder_version=&#8220;4.16&#8243; background_color=&#8220;#ffffff&#8220; transparent_background=&#8220;off&#8220; global_colors_info=&#8220;{}&#8220;][et_pb_row admin_label=&#8220;row&#8220; _builder_version=&#8220;4.16&#8243; background_size=&#8220;initial&#8220; background_position=&#8220;top_left&#8220; background_repeat=&#8220;repeat&#8220; global_colors_info=&#8220;{}&#8220;][et_pb_column type=&#8220;4_4&#8243; _builder_version=&#8220;4.16&#8243; custom_padding=&#8220;|||&#8220; global_colors_info=&#8220;{}&#8220; custom_padding__hover=&#8220;|||&#8220;][et_pb_text _builder_version=&#8220;4.27.4&#8243; background_size=&#8220;initial&#8220; background_position=&#8220;top_left&#8220; background_repeat=&#8220;repeat&#8220; module_alignment=&#8220;left&#8220; hover_enabled=&#8220;0&#8243; global_colors_info=&#8220;{}&#8220; sticky_enabled=&#8220;0&#8243;]&nbsp;<\/p>\n<h1 style=\"text-align: center;\">Zahn\u00e4rzte<\/h1>\n<p>&nbsp;<br \/>\n[\/et_pb_text][et_pb_team_member name=&#8220;Rok \u010celesnik, Dr. med. dent. &#8220; position=&#8220;Zahnarzt, Gr\u00fcnder, Eigent\u00fcmer und Direktor&#8220; image_url=&#8220;https:\/\/www.dentalnicenter.com\/wp-content\/uploads\/2014\/10\/Rok.jpg&#8220; admin_label=&#8220;Rok \u010celesnik&#8220; module_class=&#8220;krog7&#8243; _builder_version=&#8220;4.16&#8243; body_font=&#8220;|300|||||||&#8220; background_size=&#8220;initial&#8220; background_position=&#8220;top_left&#8220; background_repeat=&#8220;repeat&#8220; custom_padding=&#8220;||30px|||&#8220; animation=&#8220;left&#8220; box_shadow_style_image=&#8220;preset3&#8243; global_colors_info=&#8220;{}&#8220;]<\/p>\n<p style=\"text-align: justify;\">Zahnarzt, Gr\u00fcnder, Eigent\u00fcmer und Direktor des Dentalzentrums \u010celesnik hat nach der beendeten zahntechnischen Schule sein Studium an der Medizinischen Fakult\u00e4t in Ljubljana, Abteilung f\u00fcr Stomatologie, fortgef\u00fchrt, wo er im Jahr 1991 sein Diplom erworben hat. Er vertritt die dritte Generation, die eine selbst\u00e4ndige private T\u00e4tigkeit im Gesundheitswesen und Zahnmedizin aus\u00fcbt.<\/p>\n<p>[\/et_pb_team_member][et_pb_team_member name=&#8220;Dr. Igor Kri\u017enar, Dr. med. dent.&#8220; position=&#8220;Zahnarzt &#8211; Spezialist f\u00fcr Endodontologie&#8220; image_url=&#8220;https:\/\/www.dentalnicenter.com\/wp-content\/uploads\/2014\/10\/Kri\u017enar.jpeg&#8220; admin_label=&#8220;Igor Kri\u017enar&#8220; module_class=&#8220;krog7&#8243; _builder_version=&#8220;4.16&#8243; body_font=&#8220;|300|||||||&#8220; background_size=&#8220;initial&#8220; background_position=&#8220;top_left&#8220; background_repeat=&#8220;repeat&#8220; custom_padding=&#8220;||30px|||&#8220; animation=&#8220;left&#8220; box_shadow_style_image=&#8220;preset3&#8243; global_colors_info=&#8220;{}&#8220;]<\/p>\n<p style=\"text-align: justify;\">Der Zahnarzt hat sein Diplom an der Medizinischen Fakult\u00e4t in Ljubljana im Jahr 2006 erworben, und im 2014 wurde er zum Spezialisten f\u00fcr Endodontologie (Wurzelbehandlung) ernannt. Im September 2016 verteidigte er erflogreich seine Doktorarbeit und ihm wurde der Titel eines Doktors der Zahnmedizin verliehen.<\/p>\n<p style=\"text-align: justify;\">Er ist seit 2016 externer Mitarbeiter des Dentalzentrums \u010celesnik.<\/p>\n<p>&nbsp;<br \/>\n[\/et_pb_team_member][et_pb_team_member name=&#8220;\u0160pela \u0160kerl, Dr.dent.med.&#8220; position=&#8220;Zahnartz&#8220; image_url=&#8220;https:\/\/www.dentalnicenter.com\/wp-content\/uploads\/2025\/10\/SpelaSkerl-dr.-dent.-med.webp&#8220; admin_label=&#8220;Igor Kri\u017enar&#8220; module_class=&#8220;krog7&#8243; _builder_version=&#8220;4.27.4&#8243; body_font=&#8220;|300|||||||&#8220; background_size=&#8220;initial&#8220; background_position=&#8220;top_left&#8220; background_repeat=&#8220;repeat&#8220; animation=&#8220;left&#8220; border_color_all=&#8220;#ffffff&#8220; border_style_all=&#8220;solid&#8220; border_radii_image=&#8220;on|7px|7px|7px|7px&#8220; box_shadow_style_image=&#8220;preset3&#8243; locked=&#8220;off&#8220; global_colors_info=&#8220;{}&#8220;]<\/p>\n<p>Sie schloss ihr Studium der Zahnmedizin an der Medizinischen Fakult\u00e4t in Ljubljana im Jahr 2019 erfolgreich ab. Im Jahr 2021 erlangte sie die Berufszulassung und nahm ihre T\u00e4tigkeit in einer Vertragsordination in Ljubljana auf. Kontinuierlich erweitert sie ihre fachlichen Kenntnisse, insbesondere im Bereich der prothetischen Versorgung mit Onlays, Veneers, Injektionstechnik sowie in der Anwendung moderner Materialien und Verfahren der Zahnmedizin. Ihr besonderes Anliegen ist die Erhaltung der Mundgesundheit sowie die Wiederherstellung von Funktion und \u00c4sthetik des L\u00e4chelns ihrer Patientinnen und Patienten.<\/p>\n<p>[\/et_pb_team_member][\/et_pb_column][\/et_pb_row][et_pb_row admin_label=&#8220;row&#8220; _builder_version=&#8220;4.16&#8243; background_size=&#8220;initial&#8220; background_position=&#8220;top_left&#8220; background_repeat=&#8220;repeat&#8220; global_colors_info=&#8220;{}&#8220;][et_pb_column type=&#8220;4_4&#8243; _builder_version=&#8220;4.16&#8243; custom_padding=&#8220;|||&#8220; global_colors_info=&#8220;{}&#8220; custom_padding__hover=&#8220;|||&#8220;][et_pb_divider color=&#8220;#d6d6d6&#8243; disabled_on=&#8220;on|on|off&#8220; _builder_version=&#8220;4.16&#8243; global_colors_info=&#8220;{}&#8220;][\/et_pb_divider][et_pb_text _builder_version=&#8220;4.27.4&#8243; background_size=&#8220;initial&#8220; background_position=&#8220;top_left&#8220; background_repeat=&#8220;repeat&#8220; hover_enabled=&#8220;0&#8243; global_colors_info=&#8220;{}&#8220; sticky_enabled=&#8220;0&#8243;]&nbsp;<\/p>\n<h1 style=\"text-align: center;\">Zahnassistentinnen<\/h1>\n<p>&nbsp;<br \/>\n[\/et_pb_text][\/et_pb_column][\/et_pb_row][et_pb_row admin_label=&#8220;row&#8220; _builder_version=&#8220;4.16&#8243; background_size=&#8220;initial&#8220; background_position=&#8220;top_left&#8220; background_repeat=&#8220;repeat&#8220; global_colors_info=&#8220;{}&#8220;][et_pb_column type=&#8220;4_4&#8243; _builder_version=&#8220;4.16&#8243; custom_padding=&#8220;|||&#8220; global_colors_info=&#8220;{}&#8220; custom_padding__hover=&#8220;|||&#8220;][et_pb_team_member name=&#8220;Maja Bremec&#8220; position=&#8220;Zahnasistentin&#8220; image_url=&#8220;https:\/\/www.dentalnicenter.com\/wp-content\/uploads\/2024\/01\/DENTALNI-CENTER-CELESNIK-Maja-Bremec-glavna-zobna-asistentka.jpg&#8220; admin_label=&#8220;Maja Bremec&#8220; module_class=&#8220;krog7&#8243; _builder_version=&#8220;4.27.4&#8243; body_font=&#8220;|300|||||||&#8220; background_size=&#8220;initial&#8220; background_position=&#8220;top_left&#8220; background_repeat=&#8220;repeat&#8220; animation=&#8220;left&#8220; hover_enabled=&#8220;0&#8243; box_shadow_style_image=&#8220;preset3&#8243; global_colors_info=&#8220;{}&#8220; title_text=&#8220;DENTALNI CENTER C\u030cELESNIK &#8211; Maja Bremec glavna zobna asistentka&#8220; sticky_enabled=&#8220;0&#8243;]<\/p>\n<p>&nbsp;<\/p>\n<p>Hauptasistentin im Dentalzentrum \u010celesnik, seit 2014 t\u00e4tig.<\/p>\n<p>&nbsp;<\/p>\n<p>[\/et_pb_team_member][et_pb_divider color=&#8220;#ffffff&#8220; _builder_version=&#8220;4.16&#8243; locked=&#8220;off&#8220; global_colors_info=&#8220;{}&#8220;][\/et_pb_divider][et_pb_team_member name=&#8220;Vanja Milovanovi\u0107&#8220; position=&#8220;Zahnasistentin&#8220; image_url=&#8220;https:\/\/www.dentalnicenter.com\/wp-content\/uploads\/2024\/01\/DENTALNI-CENTER-CELESNIK-Vanja-Milovanovic-zobna-asistentka.jpg&#8220; admin_label=&#8220;Vanja&#8220; module_class=&#8220;krog7&#8243; _builder_version=&#8220;4.27.4&#8243; body_font=&#8220;|300|||||||&#8220; background_size=&#8220;initial&#8220; background_position=&#8220;top_left&#8220; background_repeat=&#8220;repeat&#8220; animation=&#8220;left&#8220; hover_enabled=&#8220;0&#8243; box_shadow_style_image=&#8220;preset3&#8243; global_colors_info=&#8220;{}&#8220; title_text=&#8220;DENTALNI CENTER C\u030cELESNIK &#8211; Vanja Milovanovic\u0301, zobna asistentka&#8220; sticky_enabled=&#8220;0&#8243;]<\/p>\n<p>&nbsp;<\/p>\n<p>Asistentin bei dr. Kaja Bohinec seit 2019.<\/p>\n<p>&nbsp;<\/p>\n<p>[\/et_pb_team_member][et_pb_divider color=&#8220;#ffffff&#8220; _builder_version=&#8220;4.16&#8243; locked=&#8220;off&#8220; global_colors_info=&#8220;{}&#8220;][\/et_pb_divider][et_pb_team_member name=&#8220;Mirjam Malej&#8220; position=&#8220;Zahnasistentin&#8220; admin_label=&#8220;Vanja&#8220; module_class=&#8220;krog7&#8243; _builder_version=&#8220;4.27.4&#8243; body_font=&#8220;|300|||||||&#8220; background_size=&#8220;initial&#8220; background_position=&#8220;top_left&#8220; background_repeat=&#8220;repeat&#8220; animation=&#8220;left&#8220; hover_enabled=&#8220;0&#8243; box_shadow_style_image=&#8220;preset3&#8243; global_colors_info=&#8220;{}&#8220; title_text=&#8220;DENTALNI CENTER C\u030cELESNIK &#8211; Mirjam Malej zoban asistentka&#8220; image_url=&#8220;https:\/\/www.dentalnicenter.com\/wp-content\/uploads\/2024\/01\/DENTALNI-CENTER-CELESNIK-Mirjam-Malej-zoban-asistentka.jpg&#8220; sticky_enabled=&#8220;0&#8243;][\/et_pb_team_member][\/et_pb_column][\/et_pb_row][et_pb_row admin_label=&#8220;row&#8220; _builder_version=&#8220;4.16&#8243; background_size=&#8220;initial&#8220; background_position=&#8220;top_left&#8220; background_repeat=&#8220;repeat&#8220; global_colors_info=&#8220;{}&#8220; locked=&#8220;off&#8220;][et_pb_column type=&#8220;4_4&#8243; _builder_version=&#8220;4.16&#8243; custom_padding=&#8220;|||&#8220; global_colors_info=&#8220;{}&#8220; custom_padding__hover=&#8220;|||&#8220;][et_pb_divider color=&#8220;#d6d6d6&#8243; disabled_on=&#8220;on|on|off&#8220; _builder_version=&#8220;4.16&#8243; height=&#8220;30px&#8220; hide_on_mobile=&#8220;on&#8220; global_colors_info=&#8220;{}&#8220;][\/et_pb_divider][et_pb_text _builder_version=&#8220;4.27.4&#8243; background_size=&#8220;initial&#8220; background_position=&#8220;top_left&#8220; background_repeat=&#8220;repeat&#8220; module_alignment=&#8220;left&#8220; hover_enabled=&#8220;0&#8243; border_color_all=&#8220;#ffffff&#8220; border_style_all=&#8220;solid&#8220; use_border_color=&#8220;off&#8220; border_color=&#8220;#ffffff&#8220; border_style=&#8220;solid&#8220; global_colors_info=&#8220;{}&#8220; sticky_enabled=&#8220;0&#8243;]<\/p>\n<h1 style=\"text-align: center;\">Zahntechnikerin<\/h1>\n<p>[\/et_pb_text][et_pb_team_member name=&#8220;Barbara Ku\u017enik&#8220; position=&#8220;Meisterin der Zahntechnik&#8220; image_url=&#8220;https:\/\/www.dentalnicenter.com\/wp-content\/uploads\/2024\/01\/DENTALNI-CENTER-CELESNIK-Barbara-Kuznik-mojster-zobne-tehnike-.jpg&#8220; admin_label=&#8220;Barbara Ku\u017enik&#8220; module_class=&#8220;krog7&#8243; _builder_version=&#8220;4.27.4&#8243; body_font=&#8220;|300|||||||&#8220; background_size=&#8220;initial&#8220; background_position=&#8220;top_left&#8220; background_repeat=&#8220;repeat&#8220; animation=&#8220;left&#8220; hover_enabled=&#8220;0&#8243; border_color_all=&#8220;#ffffff&#8220; border_style_all=&#8220;solid&#8220; border_radii_image=&#8220;on|7px|7px|7px|7px&#8220; box_shadow_style_image=&#8220;preset3&#8243; global_colors_info=&#8220;{}&#8220; sticky_enabled=&#8220;0&#8243;]Leiterin des zahntechnischen Labors im DC \u010celesnik. Sie ist spezialisiert auf festsitzende Prothetik mit k\u00fcnstlerischem Gesp\u00fcr f\u00fcr Form und Farbgebung. Seit 2015 ist sie selbstst\u00e4ndig und arbeitet in angemieteten R\u00e4umlichkeiten im DC \u010celesnik.[\/et_pb_team_member][et_pb_divider color=&#8220;#ffffff&#8220; _builder_version=&#8220;4.16&#8243; global_colors_info=&#8220;{}&#8220;][\/et_pb_divider][et_pb_team_member name=&#8220;Tja\u0161a Blatnik&#8220; position=&#8220;Zahntechnikerin&#8220; image_url=&#8220;https:\/\/www.dentalnicenter.com\/wp-content\/uploads\/2024\/01\/DENTALNI-CENTER-CELESNIK-Tjasa-Blatnik-zobni-tehnik.jpg&#8220; admin_label=&#8220;Barbara Ku\u017enik&#8220; module_class=&#8220;krog7&#8243; _builder_version=&#8220;4.27.4&#8243; body_font=&#8220;|300|||||||&#8220; background_size=&#8220;initial&#8220; background_position=&#8220;top_left&#8220; background_repeat=&#8220;repeat&#8220; animation=&#8220;left&#8220; hover_enabled=&#8220;0&#8243; border_color_all=&#8220;#ffffff&#8220; border_style_all=&#8220;solid&#8220; border_radii_image=&#8220;on|7px|7px|7px|7px&#8220; box_shadow_style_image=&#8220;preset3&#8243; locked=&#8220;off&#8220; global_colors_info=&#8220;{}&#8220; sticky_enabled=&#8220;0&#8243;][\/et_pb_team_member][\/et_pb_column][\/et_pb_row][et_pb_row admin_label=&#8220;row&#8220; _builder_version=&#8220;4.16&#8243; background_size=&#8220;initial&#8220; background_position=&#8220;top_left&#8220; background_repeat=&#8220;repeat&#8220; global_colors_info=&#8220;{}&#8220; locked=&#8220;off&#8220;][et_pb_column type=&#8220;4_4&#8243; _builder_version=&#8220;4.16&#8243; custom_padding=&#8220;|||&#8220; global_colors_info=&#8220;{}&#8220; custom_padding__hover=&#8220;|||&#8220;][et_pb_divider color=&#8220;#d6d6d6&#8243; disabled_on=&#8220;on|on|off&#8220; _builder_version=&#8220;4.16&#8243; global_colors_info=&#8220;{}&#8220;][\/et_pb_divider][et_pb_text _builder_version=&#8220;4.27.4&#8243; background_size=&#8220;initial&#8220; background_position=&#8220;top_left&#8220; background_repeat=&#8220;repeat&#8220; module_alignment=&#8220;left&#8220; hover_enabled=&#8220;0&#8243; border_color_all=&#8220;#ffffff&#8220; border_style_all=&#8220;solid&#8220; use_border_color=&#8220;off&#8220; border_color=&#8220;#ffffff&#8220; border_style=&#8220;solid&#8220; global_colors_info=&#8220;{}&#8220; sticky_enabled=&#8220;0&#8243;]<\/p>\n<h1 style=\"text-align: center;\">Mundhygienikerin<\/h1>\n<p>[\/et_pb_text][et_pb_team_member name=&#8220;Katja Mulec &#8220; position=&#8220;Zahnprophylaxeassistentin&#8220; image_url=&#8220;https:\/\/www.dentalnicenter.com\/wp-content\/uploads\/2024\/01\/DENTALNI-CENTER-CELESNIK-Katja-Mulec-ustni-higienik.jpg&#8220; admin_label=&#8220;Barbara Ku\u017enik&#8220; module_class=&#8220;krog7&#8243; _builder_version=&#8220;4.27.4&#8243; body_font=&#8220;|300|||||||&#8220; background_size=&#8220;initial&#8220; background_position=&#8220;top_left&#8220; background_repeat=&#8220;repeat&#8220; animation=&#8220;left&#8220; hover_enabled=&#8220;0&#8243; border_color_all=&#8220;#ffffff&#8220; border_style_all=&#8220;solid&#8220; box_shadow_style_image=&#8220;preset3&#8243; locked=&#8220;off&#8220; global_colors_info=&#8220;{}&#8220; sticky_enabled=&#8220;0&#8243;][\/et_pb_team_member][\/et_pb_column][\/et_pb_row][et_pb_row admin_label=&#8220;Row&#8220; _builder_version=&#8220;4.16&#8243; background_size=&#8220;initial&#8220; background_position=&#8220;top_left&#8220; background_repeat=&#8220;repeat&#8220; global_colors_info=&#8220;{}&#8220;][et_pb_column type=&#8220;4_4&#8243; _builder_version=&#8220;4.16&#8243; custom_padding=&#8220;|||&#8220; global_colors_info=&#8220;{}&#8220; custom_padding__hover=&#8220;|||&#8220;][et_pb_image src=&#8220;https:\/\/www.dentalnicenter.com\/wp-content\/uploads\/2015\/02\/DC-318-100.png&#8220; align=&#8220;center&#8220; align_tablet=&#8220;center&#8220; align_phone=&#8220;&#8220; align_last_edited=&#8220;on|desktop&#8220; admin_label=&#8220;Image&#8220; _builder_version=&#8220;4.16&#8243; animation_style=&#8220;fade&#8220; animation_duration=&#8220;500ms&#8220; animation=&#8220;fade_in&#8220; global_colors_info=&#8220;{}&#8220;][\/et_pb_image][et_pb_text admin_label=&#8220;Text&#8220; _builder_version=&#8220;4.16&#8243; text_font=&#8220;|300|||||||&#8220; background_size=&#8220;initial&#8220; background_position=&#8220;top_left&#8220; background_repeat=&#8220;repeat&#8220; text_orientation=&#8220;center&#8220; module_alignment=&#8220;center&#8220; global_colors_info=&#8220;{}&#8220;]<\/p>\n<div class=\"contact\">\nSI-4260 Bled | Pre\u0161ernova cesta 15 | Slowenien <\/p>\n<\/div>\n<p>Telefon: +386 (0)4 574 11 60<br \/>\n<a class=\"email\" href=\"mailto:info@dentalnicenter.com\">info@dentalnicenter.com<\/a><\/p>\n<p>[\/et_pb_text][\/et_pb_column][\/et_pb_row][\/et_pb_section]<\/p>\n","protected":false},"excerpt":{"rendered":"<p>&nbsp; Zahn\u00e4rzte &nbsp; Zahnarzt, Gr\u00fcnder, Eigent\u00fcmer und Direktor des Dentalzentrums \u010celesnik hat nach der beendeten zahntechnischen Schule sein Studium an der Medizinischen Fakult\u00e4t in Ljubljana, Abteilung f\u00fcr Stomatologie, fortgef\u00fchrt, wo er im Jahr 1991 sein Diplom erworben hat. Er vertritt die dritte Generation, die eine selbst\u00e4ndige private T\u00e4tigkeit im Gesundheitswesen und Zahnmedizin aus\u00fcbt. Der Zahnarzt hat sein Diplom an der Medizinischen Fakult\u00e4t in Ljubljana im Jahr 2006 erworben, und im 2014 wurde er zum Spezialisten f\u00fcr Endodontologie (Wurzelbehandlung) ernannt. Im September 2016 verteidigte er erflogreich seine Doktorarbeit und ihm wurde der Titel eines Doktors der Zahnmedizin verliehen. Er ist seit 2016 externer Mitarbeiter des Dentalzentrums \u010celesnik. &nbsp; Sie schloss ihr Studium der Zahnmedizin an der Medizinischen Fakult\u00e4t in Ljubljana im Jahr 2019 erfolgreich ab. Im Jahr 2021 erlangte sie die Berufszulassung und nahm ihre T\u00e4tigkeit in einer Vertragsordination in Ljubljana auf. Kontinuierlich erweitert sie ihre fachlichen Kenntnisse, insbesondere im Bereich der prothetischen Versorgung mit Onlays, Veneers, Injektionstechnik sowie in der Anwendung moderner Materialien und Verfahren der Zahnmedizin. Ihr besonderes Anliegen ist die Erhaltung der Mundgesundheit sowie die Wiederherstellung von Funktion und \u00c4sthetik des L\u00e4chelns ihrer Patientinnen und Patienten.&nbsp; Zahnassistentinnen &nbsp; &nbsp; Hauptasistentin im Dentalzentrum \u010celesnik, seit 2014 t\u00e4tig. &nbsp;&nbsp; Asistentin [&hellip;]<\/p>\n","protected":false},"author":1,"featured_media":4250,"parent":0,"menu_order":0,"comment_status":"closed","ping_status":"closed","template":"","meta":{"_et_pb_use_builder":"on","_et_pb_old_content":"","_et_gb_content_width":"","footnotes":""},"class_list":["post-3428","page","type-page","status-publish","has-post-thumbnail","hentry"],"aioseo_notices":[],"_links":{"self":[{"href":"https:\/\/www.dentalnicenter.com\/de\/wp-json\/wp\/v2\/pages\/3428","targetHints":{"allow":["GET"]}}],"collection":[{"href":"https:\/\/www.dentalnicenter.com\/de\/wp-json\/wp\/v2\/pages"}],"about":[{"href":"https:\/\/www.dentalnicenter.com\/de\/wp-json\/wp\/v2\/types\/page"}],"author":[{"embeddable":true,"href":"https:\/\/www.dentalnicenter.com\/de\/wp-json\/wp\/v2\/users\/1"}],"replies":[{"embeddable":true,"href":"https:\/\/www.dentalnicenter.com\/de\/wp-json\/wp\/v2\/comments?post=3428"}],"version-history":[{"count":27,"href":"https:\/\/www.dentalnicenter.com\/de\/wp-json\/wp\/v2\/pages\/3428\/revisions"}],"predecessor-version":[{"id":262469,"href":"https:\/\/www.dentalnicenter.com\/de\/wp-json\/wp\/v2\/pages\/3428\/revisions\/262469"}],"wp:featuredmedia":[{"embeddable":true,"href":"https:\/\/www.dentalnicenter.com\/de\/wp-json\/wp\/v2\/media\/4250"}],"wp:attachment":[{"href":"https:\/\/www.dentalnicenter.com\/de\/wp-json\/wp\/v2\/media?parent=3428"}],"curies":[{"name":"wp","href":"https:\/\/api.w.org\/{rel}","templated":true}]}}