{"id":3436,"date":"2015-04-14T14:21:03","date_gmt":"2015-04-14T13:21:03","guid":{"rendered":"http:\/\/www.dentalnicenter.com\/?page_id=3436"},"modified":"2026-04-14T07:54:03","modified_gmt":"2026-04-14T06:54:03","slug":"kontakt-2","status":"publish","type":"page","link":"https:\/\/www.dentalnicenter.com\/de\/ueber-uns\/kontakt-2\/","title":{"rendered":"Kontakt"},"content":{"rendered":"<p>[et_pb_section fb_built=&#8220;1&#8243; inner_shadow=&#8220;on&#8220; fullwidth=&#8220;on&#8220; admin_label=&#8220;section&#8220; _builder_version=&#8220;4.16&#8243; background_color=&#8220;#ffffff&#8220; background_image=&#8220;https:\/\/www.dentalnicenter.com\/wp-content\/uploads\/2014\/10\/header-celesnik-1.png&#8220; transparent_background=&#8220;off&#8220; global_colors_info=&#8220;{}&#8220;][et_pb_fullwidth_header title=&#8220;Kontakt&#8220; content_max_width=&#8220;none&#8220; admin_label=&#8220;Fullwidth Header&#8220; _builder_version=&#8220;4.16&#8243; background_color=&#8220;rgba(255, 255, 255, 0)&#8220; background_layout=&#8220;light&#8220; global_colors_info=&#8220;{}&#8220; button_one_text_size__hover_enabled=&#8220;off&#8220; button_two_text_size__hover_enabled=&#8220;off&#8220; button_one_text_color__hover_enabled=&#8220;off&#8220; button_two_text_color__hover_enabled=&#8220;off&#8220; button_one_border_width__hover_enabled=&#8220;off&#8220; button_two_border_width__hover_enabled=&#8220;off&#8220; button_one_border_color__hover_enabled=&#8220;off&#8220; button_two_border_color__hover_enabled=&#8220;off&#8220; button_one_border_radius__hover_enabled=&#8220;off&#8220; button_two_border_radius__hover_enabled=&#8220;off&#8220; button_one_letter_spacing__hover_enabled=&#8220;off&#8220; button_two_letter_spacing__hover_enabled=&#8220;off&#8220; button_one_bg_color__hover_enabled=&#8220;off&#8220; button_two_bg_color__hover_enabled=&#8220;off&#8220;][\/et_pb_fullwidth_header][\/et_pb_section][et_pb_section fb_built=&#8220;1&#8243; admin_label=&#8220;section&#8220; _builder_version=&#8220;4.16&#8243; background_color=&#8220;#ffffff&#8220; transparent_background=&#8220;off&#8220; global_colors_info=&#8220;{}&#8220;][et_pb_row column_structure=&#8220;1_2,1_2&#8243; admin_label=&#8220;row&#8220; _builder_version=&#8220;4.16&#8243; background_size=&#8220;initial&#8220; background_position=&#8220;top_left&#8220; background_repeat=&#8220;repeat&#8220; global_colors_info=&#8220;{}&#8220;][et_pb_column type=&#8220;1_2&#8243; _builder_version=&#8220;4.16&#8243; custom_padding=&#8220;|||&#8220; global_colors_info=&#8220;{}&#8220; custom_padding__hover=&#8220;|||&#8220;][et_pb_text admin_label=&#8220;Text&#8220; _builder_version=&#8220;4.23&#8243; text_font=&#8220;|300|||||||&#8220; background_size=&#8220;initial&#8220; background_position=&#8220;top_left&#8220; background_repeat=&#8220;repeat&#8220; global_colors_info=&#8220;{}&#8220;]<\/p>\n<h3 style=\"text-align: center;\">ADRESSE<\/h3>\n<p>&nbsp;<\/p>\n<p><img loading=\"lazy\" decoding=\"async\" class=\"aligncenter size-full wp-image-2674\" src=\"https:\/\/www.dentalnicenter.com\/wp-content\/uploads\/2014\/11\/DC-318-100.png\" alt=\"DC-318-100\" width=\"318\" height=\"100\" srcset=\"https:\/\/www.dentalnicenter.com\/wp-content\/uploads\/2014\/11\/DC-318-100.png 318w, https:\/\/www.dentalnicenter.com\/wp-content\/uploads\/2014\/11\/DC-318-100-300x94.png 300w\" sizes=\"(max-width: 318px) 100vw, 318px\" \/><\/p>\n<p><strong>Dentalni Center \u010celesnik<\/strong><br \/>Pre\u0161ernova cesta 15<br \/>SI-4260 Bled \u2013 Slowenien<\/p>\n<p><strong>Telefon:<\/strong> +386 31 384 465<br \/><strong>Email:<\/strong> <a href=\"mailto:info@dentalnicenter.com\">info@dentalnicenter.com<\/a><\/p>\n<p><strong>Arbeitszeiten:<\/strong><br \/><strong>Rok \u010celesnik, MD, PhD.<\/strong><br \/>MO, MI: 8:00 &#8211; 13:00<br \/>DIENSTAG, DONNERSTAG: 15:00 &#8211; 20:00 Uhr<\/p>\n<p><strong>Kaja Bohinec, MD, PhD.<\/strong><br \/>MO, DO: 14:00 &#8211; 20:00<br \/>DI, MI, FR: 8:00 \u2013 14:00 Uhr<\/p>\n<p><strong>Lenart \u0160krjanc, MD, PhD.<\/strong><br \/>MO: 8:00 &#8211; 20:00 Uhr<br \/>MI: 14:00 &#8211; 20:00<br \/>DO, FR: 8:00 \u2013 14:00<\/p>\n<p><strong>MUNDHYGIENE:<\/strong> Dienstag 14:00 &#8211; 20:00 Uhr und Donnerstag 8:00 &#8211; 14:00 Uhr<\/p>\n<p>[\/et_pb_text][\/et_pb_column][et_pb_column type=&#8220;1_2&#8243; _builder_version=&#8220;4.16&#8243; custom_padding=&#8220;|||&#8220; global_colors_info=&#8220;{}&#8220; custom_padding__hover=&#8220;|||&#8220;][et_pb_text admin_label=&#8220;Text&#8220; _builder_version=&#8220;4.16&#8243; background_size=&#8220;initial&#8220; background_position=&#8220;top_left&#8220; background_repeat=&#8220;repeat&#8220; global_colors_info=&#8220;{}&#8220;]&nbsp;<\/p>\n<h3 style=\"text-align: center;\">LAGEPLAN <\/h3>\n<p><iframe loading=\"lazy\" style=\"border: 0;\" src=\"https:\/\/www.google.com\/maps\/embed?pb=!1m14!1m8!1m3!1d2752.97379084952!2d14.110970000000002!3d46.369908!3m2!1i1024!2i768!4f13.1!3m3!1m2!1s0x477a96d2fd442461%3A0xb1becffa4a0bd77a!2sDentalni+center+Dr.+%C4%8Celesnik%2C+medicinske+storitve%2C+d.o.o.!5e0!3m2!1ssl!2ssi!4v1414140621370\" width=\"100%\" height=\"400\" frameborder=\"0\"><\/iframe><\/p>\n<p>&nbsp;<br \/>\n[\/et_pb_text][\/et_pb_column][\/et_pb_row][et_pb_row column_structure=&#8220;1_2,1_2&#8243; admin_label=&#8220;row&#8220; _builder_version=&#8220;4.16&#8243; background_size=&#8220;initial&#8220; background_position=&#8220;top_left&#8220; background_repeat=&#8220;repeat&#8220; global_colors_info=&#8220;{}&#8220;][et_pb_column type=&#8220;1_2&#8243; _builder_version=&#8220;4.16&#8243; custom_padding=&#8220;|||&#8220; global_colors_info=&#8220;{}&#8220; custom_padding__hover=&#8220;|||&#8220;][et_pb_text admin_label=&#8220;Text&#8220; _builder_version=&#8220;4.16&#8243; text_font=&#8220;|300|||||||&#8220; background_size=&#8220;initial&#8220; background_position=&#8220;top_left&#8220; background_repeat=&#8220;repeat&#8220; global_colors_info=&#8220;{}&#8220;]<\/p>\n<h3 style=\"text-align: center;\">WEGBESCHREIBUNG<\/h3>\n<p style=\"text-align: justify;\">Auf der Autobahn A2 nehmen Sie die Ausfahrt Lesce-Bled. Nach ca. 500 m erreichen Sie den Kreisverkehr und nehmen die zweite Ausfahrt (Stra\u00dfe 209) Richtung Bled. Dann fahren Sie 3,7 km bis zur Ampel und biegen da rechts auf die Pre\u0161ernova Stra\u00dfe (Pre\u0161ernova cesta) ab, nach 270 m haben Sie das Dentalzentrum \u010celesnik, auf Ihrer linken Seite, erreicht.<br \/>\nWir befinden uns im Zentrum von Bled, in der unmittelbaren N\u00e4he ist ein gro\u00dfer Parkplatz, der an die Eishalle grenzt und da k\u00f6nnen Sie parken. Dann gehen Sie wieder zur\u00fcck zur Pre\u0161ernova Stra\u00dfe. Der Eingang in das Dentalzentrum \u010celesnik \u2013 Dr. Rok \u010celesnik liegt an der Hauptstra\u00dfe, auf der Sie gefahren sind.<\/p>\n<\/p>\n<p>[\/et_pb_text][\/et_pb_column][et_pb_column type=&#8220;1_2&#8243; _builder_version=&#8220;4.16&#8243; custom_padding=&#8220;|||&#8220; global_colors_info=&#8220;{}&#8220; custom_padding__hover=&#8220;|||&#8220;][et_pb_blurb image=&#8220;https:\/\/www.dentalnicenter.com\/wp-content\/uploads\/2014\/10\/dentalni-center-celesnik-slika-prva-stran1.png&#8220; image_icon_width=&#8220;none&#8220; admin_label=&#8220;Blurb&#8220; _builder_version=&#8220;4.16&#8243; background_size=&#8220;initial&#8220; background_position=&#8220;top_left&#8220; background_repeat=&#8220;repeat&#8220; text_orientation=&#8220;center&#8220; image_max_width=&#8220;none&#8220; global_colors_info=&#8220;{}&#8220;][\/et_pb_blurb][\/et_pb_column][\/et_pb_row][et_pb_row admin_label=&#8220;row&#8220; _builder_version=&#8220;4.16&#8243; background_size=&#8220;initial&#8220; background_position=&#8220;top_left&#8220; background_repeat=&#8220;repeat&#8220; global_colors_info=&#8220;{}&#8220;][et_pb_column type=&#8220;4_4&#8243; _builder_version=&#8220;4.16&#8243; custom_padding=&#8220;|||&#8220; global_colors_info=&#8220;{}&#8220; custom_padding__hover=&#8220;|||&#8220;][et_pb_cta title=&#8220;NACHFRAGE&#8220; button_url=&#8220;mailto:info@dentalnicenter.com&#8220; button_text=&#8220;Jetzt nachfragen!&#8220; admin_label=&#8220;Call To Action&#8220; _builder_version=&#8220;4.27.6&#8243; header_font_size=&#8220;26px&#8220; body_font=&#8220;|300|||||||&#8220; custom_button=&#8220;on&#8220; button_text_size=&#8220;14px&#8220; header_font_size_tablet=&#8220;&#8220; header_font_size_phone=&#8220;22px&#8220; header_font_size_last_edited=&#8220;on|phone&#8220; button_text_color_tablet=&#8220;&#8220; button_text_color_phone=&#8220;&#8220; button_text_color_last_edited=&#8220;on|phone&#8220; global_colors_info=&#8220;{}&#8220; button_text_size__hover_enabled=&#8220;off&#8220; button_one_text_size__hover_enabled=&#8220;off&#8220; button_two_text_size__hover_enabled=&#8220;off&#8220; button_text_color__hover_enabled=&#8220;off&#8220; button_one_text_color__hover_enabled=&#8220;off&#8220; button_two_text_color__hover_enabled=&#8220;off&#8220; button_border_width__hover_enabled=&#8220;off&#8220; button_one_border_width__hover_enabled=&#8220;off&#8220; button_two_border_width__hover_enabled=&#8220;off&#8220; button_border_color__hover_enabled=&#8220;off&#8220; button_one_border_color__hover_enabled=&#8220;off&#8220; button_two_border_color__hover_enabled=&#8220;off&#8220; button_border_radius__hover_enabled=&#8220;off&#8220; button_one_border_radius__hover_enabled=&#8220;off&#8220; button_two_border_radius__hover_enabled=&#8220;off&#8220; button_letter_spacing__hover_enabled=&#8220;on&#8220; button_letter_spacing__hover=&#8220;0&#8243; button_one_letter_spacing__hover_enabled=&#8220;off&#8220; button_two_letter_spacing__hover_enabled=&#8220;off&#8220; button_bg_color__hover_enabled=&#8220;off&#8220; button_one_bg_color__hover_enabled=&#8220;off&#8220; button_two_bg_color__hover_enabled=&#8220;off&#8220; url_new_window=&#8220;on&#8220; background_size=&#8220;initial&#8220; background_position=&#8220;top_left&#8220; background_repeat=&#8220;repeat&#8220; button_border_width=&#8220;2px&#8220; button_border_radius=&#8220;100px&#8220; button_font=&#8220;|||on|||||&#8220; button_alignment=&#8220;center&#8220; button_custom_padding=&#8220;18px|32px|18px|32px|true|true&#8220; custom_css_free_form=&#8220;.dc-btn{||  display:inline-flex;||  align-items:center;||  justify-content:center;||  padding:16px 32px;||  border-radius:999px;||  background:#0179bf;||  color:#ffffff !important;||  text-decoration:none !important;||  font-size:15px;||  font-weight:600;||  letter-spacing:0.02em;||  box-shadow:0 10px 26px rgba(1,121,191,0.18);||  transition:all .25s ease;||  border:none;||}||||.dc-btn:hover{||  background:#016aa6;||  transform:translateY(-2px);||  box-shadow:0 16px 34px rgba(1,121,191,0.24);||}||||.dc-btn:focus{||  outline:none;||  box-shadow:0 0 0 4px rgba(1,121,191,0.18);||}&#8220; border_radii=&#8220;on|7px|7px|7px|7px&#8220; box_shadow_style=&#8220;preset1&#8243; hover_enabled=&#8220;0&#8243; sticky_enabled=&#8220;0&#8243;]<\/p>\n<p style=\"text-align: center;\">Insofern Sie einen Termin vereinbaren m\u00f6chten, bitten wir Sie, uns Ihre Nachfrage zuzusenden oder uns an die Telefonnummer +386 4 574 11 60 anzurufen. Wir beantworten gerne m\u00f6glichst schnell, ob der gew\u00fcnschte Termin frei ist und best\u00e4tigen das Datum und die Uhrzeit Ihres Termins. <\/p>\n<p>[\/et_pb_cta][\/et_pb_column][\/et_pb_row][et_pb_row admin_label=&#8220;Row&#8220; _builder_version=&#8220;4.16&#8243; background_size=&#8220;initial&#8220; background_position=&#8220;top_left&#8220; background_repeat=&#8220;repeat&#8220; global_colors_info=&#8220;{}&#8220;][et_pb_column type=&#8220;4_4&#8243; _builder_version=&#8220;4.16&#8243; custom_padding=&#8220;|||&#8220; global_colors_info=&#8220;{}&#8220; custom_padding__hover=&#8220;|||&#8220;][et_pb_divider color=&#8220;#eaeaea&#8220; admin_label=&#8220;Divider&#8220; _builder_version=&#8220;4.16&#8243; hide_on_mobile=&#8220;off&#8220; global_colors_info=&#8220;{}&#8220;][\/et_pb_divider][et_pb_image src=&#8220;https:\/\/www.dentalnicenter.com\/wp-content\/uploads\/2015\/02\/DC-318-100.png&#8220; align=&#8220;center&#8220; align_tablet=&#8220;center&#8220; align_phone=&#8220;&#8220; align_last_edited=&#8220;on|desktop&#8220; admin_label=&#8220;Image&#8220; _builder_version=&#8220;4.16&#8243; animation_style=&#8220;fade&#8220; animation_duration=&#8220;500ms&#8220; animation=&#8220;fade_in&#8220; global_colors_info=&#8220;{}&#8220;][\/et_pb_image][et_pb_text admin_label=&#8220;Text&#8220; _builder_version=&#8220;4.16&#8243; text_font=&#8220;|300|||||||&#8220; background_size=&#8220;initial&#8220; background_position=&#8220;top_left&#8220; background_repeat=&#8220;repeat&#8220; text_orientation=&#8220;center&#8220; module_alignment=&#8220;center&#8220; global_colors_info=&#8220;{}&#8220;]<\/p>\n<div class=\"contact\">\nSI-4260 Bled | Pre\u0161ernova cesta 15 | Slowenien <\/p>\n<\/div>\n<p>Telefon: +386 (0)4 574 11 60<br \/>\n<a class=\"email\" href=\"mailto:info@dentalnicenter.com\">info@dentalnicenter.com<\/a><\/p>\n<p>[\/et_pb_text][\/et_pb_column][\/et_pb_row][\/et_pb_section]<\/p>\n","protected":false},"excerpt":{"rendered":"<p>ADRESSE &nbsp; Dentalni Center \u010celesnikPre\u0161ernova cesta 15SI-4260 Bled \u2013 Slowenien Telefon: +386 31 384 465Email: info@dentalnicenter.com Arbeitszeiten:Rok \u010celesnik, MD, PhD.MO, MI: 8:00 &#8211; 13:00DIENSTAG, DONNERSTAG: 15:00 &#8211; 20:00 Uhr Kaja Bohinec, MD, PhD.MO, DO: 14:00 &#8211; 20:00DI, MI, FR: 8:00 \u2013 14:00 Uhr Lenart \u0160krjanc, MD, PhD.MO: 8:00 &#8211; 20:00 UhrMI: 14:00 &#8211; 20:00DO, FR: 8:00 \u2013 14:00 MUNDHYGIENE: Dienstag 14:00 &#8211; 20:00 Uhr und Donnerstag 8:00 &#8211; 14:00 Uhr&nbsp; LAGEPLAN &nbsp; WEGBESCHREIBUNGAuf der Autobahn A2 nehmen Sie die Ausfahrt Lesce-Bled. Nach ca. 500 m erreichen Sie den Kreisverkehr und nehmen die zweite Ausfahrt (Stra\u00dfe 209) Richtung Bled. Dann fahren Sie 3,7 km bis zur Ampel und biegen da rechts auf die Pre\u0161ernova Stra\u00dfe (Pre\u0161ernova cesta) ab, nach 270 m haben Sie das Dentalzentrum \u010celesnik, auf Ihrer linken Seite, erreicht. Wir befinden uns im Zentrum von Bled, in der unmittelbaren N\u00e4he ist ein gro\u00dfer Parkplatz, der an die Eishalle grenzt und da k\u00f6nnen Sie parken. Dann gehen Sie wieder zur\u00fcck zur Pre\u0161ernova Stra\u00dfe. Der Eingang in das Dentalzentrum \u010celesnik \u2013 Dr. Rok \u010celesnik liegt an der Hauptstra\u00dfe, auf der Sie gefahren sind. Insofern Sie einen Termin vereinbaren m\u00f6chten, bitten wir Sie, uns Ihre Nachfrage zuzusenden oder uns an die Telefonnummer [&hellip;]<\/p>\n","protected":false},"author":1,"featured_media":0,"parent":3442,"menu_order":1,"comment_status":"closed","ping_status":"closed","template":"","meta":{"_et_pb_use_builder":"on","_et_pb_old_content":"","_et_gb_content_width":"","footnotes":""},"class_list":["post-3436","page","type-page","status-publish","hentry"],"aioseo_notices":[],"_links":{"self":[{"href":"https:\/\/www.dentalnicenter.com\/de\/wp-json\/wp\/v2\/pages\/3436","targetHints":{"allow":["GET"]}}],"collection":[{"href":"https:\/\/www.dentalnicenter.com\/de\/wp-json\/wp\/v2\/pages"}],"about":[{"href":"https:\/\/www.dentalnicenter.com\/de\/wp-json\/wp\/v2\/types\/page"}],"author":[{"embeddable":true,"href":"https:\/\/www.dentalnicenter.com\/de\/wp-json\/wp\/v2\/users\/1"}],"replies":[{"embeddable":true,"href":"https:\/\/www.dentalnicenter.com\/de\/wp-json\/wp\/v2\/comments?post=3436"}],"version-history":[{"count":8,"href":"https:\/\/www.dentalnicenter.com\/de\/wp-json\/wp\/v2\/pages\/3436\/revisions"}],"predecessor-version":[{"id":262500,"href":"https:\/\/www.dentalnicenter.com\/de\/wp-json\/wp\/v2\/pages\/3436\/revisions\/262500"}],"up":[{"embeddable":true,"href":"https:\/\/www.dentalnicenter.com\/de\/wp-json\/wp\/v2\/pages\/3442"}],"wp:attachment":[{"href":"https:\/\/www.dentalnicenter.com\/de\/wp-json\/wp\/v2\/media?parent=3436"}],"curies":[{"name":"wp","href":"https:\/\/api.w.org\/{rel}","templated":true}]}}